{"id":979,"date":"2022-05-18T16:46:57","date_gmt":"2022-08-04T07:12:18","guid":{"rendered":"https:\/\/adrenalinktattoo.com\/prodotto\/schrodinger-cat-the-male-dragon-and-the-male-cat\/"},"modified":"2022-08-22T09:53:57","modified_gmt":"2022-08-22T07:53:57","slug":"the-male-dragon-and-the-male-cat","status":"publish","type":"product","link":"https:\/\/adrenalinktattoo.com\/en\/product\/the-male-dragon-and-the-male-cat\/","title":{"rendered":"Schr\u00f6dinger Cat: The male dragon and the male cat"},"content":{"rendered":"<p class=\"p1\"><span class=\"s1\">Il progetto pittorico di opere originali chiamato \u2018Gatto di Schr\u00f6dinger\u2019 \u00e8 l\u2019unione di pi\u00f9 affinit\u00e0 di Manekistefy: la fisica quantistica, la spiritualit\u00e0, l\u2019amore per i gatti, l\u2019 amore per la pittura.<\/span><\/p>\n<p class=\"p1\"><span class=\"s1\">Il \u2018Gatto di Schr\u00f6dinger\u2019 \u00e8 un famoso paradosso della fisica quantistica. <\/span><span class=\"s1\">Il gatto si trova in una scatola chiusa dove un congegno pu\u00f2 azionare la rottura di una fiala di cianuro. <\/span><span class=\"s1\">Il congegno scatta se avviene il decadimento di una minuscola sostanza radioattiva. <\/span><span class=\"s1\">La probabilit\u00e0 del decadimento \u00e8 uguale alla probabilit\u00e0 del non decadimento. <\/span><span class=\"s1\">Il gatto \u00e8 in uno stato di sovrapposizione di dimensioni, pu\u00f2 essere vivo o morto, fintantoch\u00e9 non si decida di osservarlo aprendo la scatola nella quale \u00e8 contenuto. <\/span><span class=\"s1\">L\u2019importanza del poter essere in pi\u00f9 dimensioni \u00e8 comprensibile quando si pensa alla vita stessa unita alla morte. Nel momento del vivere c\u2019\u00e8 il momento del morire. <\/span><span class=\"s1\">Come \u00e8 vero il contrario: nella morte c\u2019\u00e8 la vita stessa.<\/span><\/p>\n<p class=\"p1\"><span class=\"s1\">La vita \u00e8 contenuta nella morte.<br \/>\n<\/span><span class=\"s1\">La morte \u00e8 contenuta nella vita.<br \/>\n<\/span><span class=\"s1\">\u00c8 la dimensione del gatto.<\/span><\/p>\n<p class=\"p1\"><span class=\"s1\">L\u2019 osservazione \u00e8 un\u2019 altro spunto che Manekistefy ama particolarmente. <\/span><span class=\"s1\">Osservare significa relazionarsi con qualcosa. <\/span><span class=\"s1\">Questa relazione \u201ccontamina\u201d l\u2019 osservazione, rendendola non oggettiva ma sempre soggettiva. <\/span><span class=\"s1\">Se ci poniamo come osservatori della nostra vita, stabiliamo una relazione con essa, che \u00e8 soggettiva. <\/span><span class=\"s1\">In quanto soggettiva, noi stessi possiamo decidere come cambiarla. <\/span><span class=\"s1\">Siamo noi stessi a fare delle scelte su come vedere la nostra vita. <\/span><span class=\"s1\">Possiamo decidere se un particolare evento sia negativo, oppure possiamo decidere che quella apparente negativit\u00e0 sia pura energia a nostra disposizione, pronta per essere trasformata in ci\u00f2 che vogliamo. <\/span><span class=\"s1\">Tutto \u00e8 relativo, tutto pu\u00f2 essere cambiato. <\/span><span class=\"s1\">Il gatto che sta nella scatola sa che la relazione con se stesso \u00e8 ci\u00f2 che realizzer\u00e0 il suo stato: pu\u00f2 essere triste e felice nello stesso momento, pu\u00f2 essere in pi\u00f9 dimensioni e decidere come sfruttare queste energie.<\/span><\/p>\n<p class=\"p1\"><span class=\"s1\">La vita stessa \u00e8 relazione.<br \/>\n<\/span><span class=\"s1\">I pensieri sono in relazione con noi.<br \/>\n<\/span><span class=\"s1\">Le emozioni sono in relazione con noi.<\/span><\/p>\n<p class=\"p1\"><span class=\"s1\">Uno vive dell\u2019 altro, reciprocamente. <\/span><span class=\"s1\">\u00c8 un continuo scambio. <\/span><span class=\"s1\">Dove l\u2019 osservatore \u00e8 anche l\u2019 oggetto di osservazione. <\/span><span class=\"s1\">Per questo tutto \u00e8 relazione. <\/span><span class=\"s1\">Il gatto di Schr\u00f6dinger pu\u00f2 essere il nostro osservatore, perch\u00e9 ha il potere di stare in pi\u00f9 dimensioni. <\/span><span class=\"s1\">Con questa prospettiva Manekistefy ha instaurato un dialogo tra i soggetti dei dipinti.<\/span><\/p>\n<p class=\"p1\"><span class=\"s1\">\u2018Ciao, caro Drago! So che mi stai guardando!<br \/>\n<\/span><span class=\"s1\">Ti sento, e so che sei l\u00ec!<br \/>\n<\/span><span class=\"s1\">La tua rabbia non mi fa paura.<br \/>\n<\/span><span class=\"s1\">Io sto qui e dormo.\u2019<\/span><\/p>\n","protected":false},"excerpt":{"rendered":"<p><span class=\"s1\">Il \u2018Gatto di Schr\u00f6dinger\u2019 \u00e8 un famoso paradosso della fisica quantistica. <\/span><span class=\"s1\">Il gatto si trova in una scatola chiusa dove un congegno pu\u00f2 azionare la rottura di una fiala di cianuro.<\/span><\/p>\n","protected":false},"featured_media":683,"template":"","meta":{"_acf_changed":false,"inline_featured_image":false},"product_brand":[],"product_cat":[36,55],"product_tag":[39],"class_list":{"0":"post-979","1":"product","2":"type-product","3":"status-publish","4":"has-post-thumbnail","6":"product_cat-manekistefy-en","7":"product_cat-original-arts","8":"product_tag-original-arts-en","10":"first","11":"instock","12":"shipping-taxable","13":"purchasable","14":"product-type-simple"},"acf":[],"yoast_head":"<!-- This site is optimized with the Yoast SEO plugin v27.3 - https:\/\/yoast.com\/product\/yoast-seo-wordpress\/ -->\n<title>Schr\u00f6dinger Cat: The male dragon and the male cat - Adrenalink<\/title>\n<meta name=\"description\" content=\"Schr\u00f6dinger&#039;s Cat - The pictorial project of original works called &#039;Schr\u00f6dinger&#039;s Cat&#039; is the union of several Manekistefy affinities.\" \/>\n<meta name=\"robots\" content=\"index, follow, max-snippet:-1, max-image-preview:large, max-video-preview:-1\" \/>\n<link rel=\"canonical\" href=\"https:\/\/adrenalinktattoo.com\/en\/product\/the-male-dragon-and-the-male-cat\/\" \/>\n<meta property=\"og:locale\" content=\"en_US\" \/>\n<meta property=\"og:type\" content=\"article\" \/>\n<meta property=\"og:title\" content=\"Schr\u00f6dinger Cat: The male dragon and the male cat - Adrenalink\" \/>\n<meta property=\"og:description\" content=\"Schr\u00f6dinger&#039;s Cat - The pictorial project of original works called &#039;Schr\u00f6dinger&#039;s Cat&#039; is the union of several Manekistefy affinities.\" \/>\n<meta property=\"og:url\" content=\"https:\/\/adrenalinktattoo.com\/en\/product\/the-male-dragon-and-the-male-cat\/\" \/>\n<meta property=\"og:site_name\" content=\"Adrenalink\" \/>\n<meta property=\"article:modified_time\" content=\"2022-08-22T07:53:57+00:00\" \/>\n<meta property=\"og:image\" content=\"https:\/\/adrenalinktattoo.com\/wp-content\/uploads\/2022\/05\/01-il-gatto-e-il-drago_wall-1.jpg\" \/>\n\t<meta property=\"og:image:width\" content=\"1800\" \/>\n\t<meta property=\"og:image:height\" content=\"1800\" \/>\n\t<meta property=\"og:image:type\" content=\"image\/jpeg\" \/>\n<meta name=\"twitter:card\" content=\"summary_large_image\" \/>\n<meta name=\"twitter:label1\" content=\"Est. reading time\" \/>\n\t<meta name=\"twitter:data1\" content=\"2 minutes\" \/>\n<script type=\"application\/ld+json\" class=\"yoast-schema-graph\">{\"@context\":\"https:\\\/\\\/schema.org\",\"@graph\":[{\"@type\":\"WebPage\",\"@id\":\"https:\\\/\\\/adrenalinktattoo.com\\\/en\\\/product\\\/the-male-dragon-and-the-male-cat\\\/\",\"url\":\"https:\\\/\\\/adrenalinktattoo.com\\\/en\\\/product\\\/the-male-dragon-and-the-male-cat\\\/\",\"name\":\"Schr\u00f6dinger Cat: The male dragon and the male cat - Adrenalink\",\"isPartOf\":{\"@id\":\"https:\\\/\\\/adrenalinktattoo.com\\\/en\\\/#website\"},\"primaryImageOfPage\":{\"@id\":\"https:\\\/\\\/adrenalinktattoo.com\\\/en\\\/product\\\/the-male-dragon-and-the-male-cat\\\/#primaryimage\"},\"image\":{\"@id\":\"https:\\\/\\\/adrenalinktattoo.com\\\/en\\\/product\\\/the-male-dragon-and-the-male-cat\\\/#primaryimage\"},\"thumbnailUrl\":\"https:\\\/\\\/adrenalinktattoo.com\\\/wp-content\\\/uploads\\\/2022\\\/05\\\/01-il-gatto-e-il-drago_wall-1.jpg\",\"datePublished\":\"2022-08-04T07:12:18+00:00\",\"dateModified\":\"2022-08-22T07:53:57+00:00\",\"description\":\"Schr\u00f6dinger's Cat - The pictorial project of original works called 'Schr\u00f6dinger's Cat' is the union of several Manekistefy affinities.\",\"breadcrumb\":{\"@id\":\"https:\\\/\\\/adrenalinktattoo.com\\\/en\\\/product\\\/the-male-dragon-and-the-male-cat\\\/#breadcrumb\"},\"inLanguage\":\"en-US\",\"potentialAction\":[{\"@type\":\"ReadAction\",\"target\":[\"https:\\\/\\\/adrenalinktattoo.com\\\/en\\\/product\\\/the-male-dragon-and-the-male-cat\\\/\"]}]},{\"@type\":\"ImageObject\",\"inLanguage\":\"en-US\",\"@id\":\"https:\\\/\\\/adrenalinktattoo.com\\\/en\\\/product\\\/the-male-dragon-and-the-male-cat\\\/#primaryimage\",\"url\":\"https:\\\/\\\/adrenalinktattoo.com\\\/wp-content\\\/uploads\\\/2022\\\/05\\\/01-il-gatto-e-il-drago_wall-1.jpg\",\"contentUrl\":\"https:\\\/\\\/adrenalinktattoo.com\\\/wp-content\\\/uploads\\\/2022\\\/05\\\/01-il-gatto-e-il-drago_wall-1.jpg\",\"width\":1800,\"height\":1800,\"caption\":\"01-il-gatto-e-il-drago_wall\"},{\"@type\":\"BreadcrumbList\",\"@id\":\"https:\\\/\\\/adrenalinktattoo.com\\\/en\\\/product\\\/the-male-dragon-and-the-male-cat\\\/#breadcrumb\",\"itemListElement\":[{\"@type\":\"ListItem\",\"position\":1,\"name\":\"Home\",\"item\":\"https:\\\/\\\/adrenalinktattoo.com\\\/en\\\/\"},{\"@type\":\"ListItem\",\"position\":2,\"name\":\"Shop\",\"item\":\"https:\\\/\\\/adrenalinktattoo.com\\\/en\\\/shop\\\/\"},{\"@type\":\"ListItem\",\"position\":3,\"name\":\"Schr\u00f6dinger Cat: The male dragon and the male cat\"}]},{\"@type\":\"WebSite\",\"@id\":\"https:\\\/\\\/adrenalinktattoo.com\\\/en\\\/#website\",\"url\":\"https:\\\/\\\/adrenalinktattoo.com\\\/en\\\/\",\"name\":\"Adrenalink\",\"description\":\"Tatuaggi giapponesi e tradizione\",\"potentialAction\":[{\"@type\":\"SearchAction\",\"target\":{\"@type\":\"EntryPoint\",\"urlTemplate\":\"https:\\\/\\\/adrenalinktattoo.com\\\/en\\\/?s={search_term_string}\"},\"query-input\":{\"@type\":\"PropertyValueSpecification\",\"valueRequired\":true,\"valueName\":\"search_term_string\"}}],\"inLanguage\":\"en-US\"}]}<\/script>\n<!-- \/ Yoast SEO plugin. -->","yoast_head_json":{"title":"Schr\u00f6dinger Cat: The male dragon and the male cat - Adrenalink","description":"Schr\u00f6dinger's Cat - The pictorial project of original works called 'Schr\u00f6dinger's Cat' is the union of several Manekistefy affinities.","robots":{"index":"index","follow":"follow","max-snippet":"max-snippet:-1","max-image-preview":"max-image-preview:large","max-video-preview":"max-video-preview:-1"},"canonical":"https:\/\/adrenalinktattoo.com\/en\/product\/the-male-dragon-and-the-male-cat\/","og_locale":"en_US","og_type":"article","og_title":"Schr\u00f6dinger Cat: The male dragon and the male cat - Adrenalink","og_description":"Schr\u00f6dinger's Cat - The pictorial project of original works called 'Schr\u00f6dinger's Cat' is the union of several Manekistefy affinities.","og_url":"https:\/\/adrenalinktattoo.com\/en\/product\/the-male-dragon-and-the-male-cat\/","og_site_name":"Adrenalink","article_modified_time":"2022-08-22T07:53:57+00:00","og_image":[{"width":1800,"height":1800,"url":"https:\/\/adrenalinktattoo.com\/wp-content\/uploads\/2022\/05\/01-il-gatto-e-il-drago_wall-1.jpg","type":"image\/jpeg"}],"twitter_card":"summary_large_image","twitter_misc":{"Est. reading time":"2 minutes"},"schema":{"@context":"https:\/\/schema.org","@graph":[{"@type":"WebPage","@id":"https:\/\/adrenalinktattoo.com\/en\/product\/the-male-dragon-and-the-male-cat\/","url":"https:\/\/adrenalinktattoo.com\/en\/product\/the-male-dragon-and-the-male-cat\/","name":"Schr\u00f6dinger Cat: The male dragon and the male cat - Adrenalink","isPartOf":{"@id":"https:\/\/adrenalinktattoo.com\/en\/#website"},"primaryImageOfPage":{"@id":"https:\/\/adrenalinktattoo.com\/en\/product\/the-male-dragon-and-the-male-cat\/#primaryimage"},"image":{"@id":"https:\/\/adrenalinktattoo.com\/en\/product\/the-male-dragon-and-the-male-cat\/#primaryimage"},"thumbnailUrl":"https:\/\/adrenalinktattoo.com\/wp-content\/uploads\/2022\/05\/01-il-gatto-e-il-drago_wall-1.jpg","datePublished":"2022-08-04T07:12:18+00:00","dateModified":"2022-08-22T07:53:57+00:00","description":"Schr\u00f6dinger's Cat - The pictorial project of original works called 'Schr\u00f6dinger's Cat' is the union of several Manekistefy affinities.","breadcrumb":{"@id":"https:\/\/adrenalinktattoo.com\/en\/product\/the-male-dragon-and-the-male-cat\/#breadcrumb"},"inLanguage":"en-US","potentialAction":[{"@type":"ReadAction","target":["https:\/\/adrenalinktattoo.com\/en\/product\/the-male-dragon-and-the-male-cat\/"]}]},{"@type":"ImageObject","inLanguage":"en-US","@id":"https:\/\/adrenalinktattoo.com\/en\/product\/the-male-dragon-and-the-male-cat\/#primaryimage","url":"https:\/\/adrenalinktattoo.com\/wp-content\/uploads\/2022\/05\/01-il-gatto-e-il-drago_wall-1.jpg","contentUrl":"https:\/\/adrenalinktattoo.com\/wp-content\/uploads\/2022\/05\/01-il-gatto-e-il-drago_wall-1.jpg","width":1800,"height":1800,"caption":"01-il-gatto-e-il-drago_wall"},{"@type":"BreadcrumbList","@id":"https:\/\/adrenalinktattoo.com\/en\/product\/the-male-dragon-and-the-male-cat\/#breadcrumb","itemListElement":[{"@type":"ListItem","position":1,"name":"Home","item":"https:\/\/adrenalinktattoo.com\/en\/"},{"@type":"ListItem","position":2,"name":"Shop","item":"https:\/\/adrenalinktattoo.com\/en\/shop\/"},{"@type":"ListItem","position":3,"name":"Schr\u00f6dinger Cat: The male dragon and the male cat"}]},{"@type":"WebSite","@id":"https:\/\/adrenalinktattoo.com\/en\/#website","url":"https:\/\/adrenalinktattoo.com\/en\/","name":"Adrenalink","description":"Tatuaggi giapponesi e tradizione","potentialAction":[{"@type":"SearchAction","target":{"@type":"EntryPoint","urlTemplate":"https:\/\/adrenalinktattoo.com\/en\/?s={search_term_string}"},"query-input":{"@type":"PropertyValueSpecification","valueRequired":true,"valueName":"search_term_string"}}],"inLanguage":"en-US"}]}},"jetpack_sharing_enabled":true,"_links":{"self":[{"href":"https:\/\/adrenalinktattoo.com\/en\/wp-json\/wp\/v2\/product\/979","targetHints":{"allow":["GET"]}}],"collection":[{"href":"https:\/\/adrenalinktattoo.com\/en\/wp-json\/wp\/v2\/product"}],"about":[{"href":"https:\/\/adrenalinktattoo.com\/en\/wp-json\/wp\/v2\/types\/product"}],"wp:featuredmedia":[{"embeddable":true,"href":"https:\/\/adrenalinktattoo.com\/en\/wp-json\/wp\/v2\/media\/683"}],"wp:attachment":[{"href":"https:\/\/adrenalinktattoo.com\/en\/wp-json\/wp\/v2\/media?parent=979"}],"wp:term":[{"taxonomy":"product_brand","embeddable":true,"href":"https:\/\/adrenalinktattoo.com\/en\/wp-json\/wp\/v2\/product_brand?post=979"},{"taxonomy":"product_cat","embeddable":true,"href":"https:\/\/adrenalinktattoo.com\/en\/wp-json\/wp\/v2\/product_cat?post=979"},{"taxonomy":"product_tag","embeddable":true,"href":"https:\/\/adrenalinktattoo.com\/en\/wp-json\/wp\/v2\/product_tag?post=979"}],"curies":[{"name":"wp","href":"https:\/\/api.w.org\/{rel}","templated":true}]}}