{"id":1069,"date":"2022-05-18T17:09:24","date_gmt":"2022-08-22T08:09:29","guid":{"rendered":"https:\/\/adrenalinktattoo.com\/prodotto\/schrodinger-cat-the-carp-and-the-kitten\/"},"modified":"2022-08-22T10:11:06","modified_gmt":"2022-08-22T08:11:06","slug":"the-carp-and-the-kitten","status":"publish","type":"product","link":"https:\/\/adrenalinktattoo.com\/en\/product\/the-carp-and-the-kitten\/","title":{"rendered":"Schr\u00f6dinger Cat: The carp and the kitten"},"content":{"rendered":"<p><span style=\"font-weight: 400;\">Hello, nice to meet you, I\u2019m Schr\u00f6dinger Cat!<br \/>\n<\/span><span style=\"font-weight: 400;\">I like paradox and Quantum Physics!<br \/>\n<\/span><span style=\"font-weight: 400;\">I have the ability to be in two different dimensions at the same time!<br \/>\n<\/span><span style=\"font-weight: 400;\">It\u2019s you, the observer, that decides if I\u2019m alive or dead.<br \/>\n<\/span><span style=\"font-weight: 400;\">I travel between two worlds, the visible and the invisible.<br \/>\n<\/span><span style=\"font-weight: 400;\">I know the invisibility of emotions because I\u2019m the vehicle through which they flow.<br \/>\n<\/span><span style=\"font-weight: 400;\">I know the visible life, because I\u2019m life itself.<br \/>\n<\/span><span style=\"font-weight: 400;\">I know the invisibility of death, because I\u2019m the death itself.<br \/>\n<\/span><span style=\"font-weight: 400;\">I like to stay beyond the threshold, in both directions.<br \/>\n<\/span><span style=\"font-weight: 400;\">I like to be dead and alive at the same time.<br \/>\n<\/span><span style=\"font-weight: 400;\">I like to stay in different states of mind at the same time.<\/span><\/p>\n<p><span style=\"font-weight: 400;\">When I observe myself, I have the chance to choose which side to be on.<br \/>\n<\/span><span style=\"font-weight: 400;\">I become this or that.<br \/>\n<\/span><span style=\"font-weight: 400;\">The relationship between what I see of myself can decide: if I\u2019m dead or alive, if I\u2019m sad or happy, if I\u2019m calm or excited.<\/span><\/p>\n<p><span style=\"font-weight: 400;\">It\u2019s a point of view, even if it\u2019s me that I observe.<br \/>\n<\/span><span style=\"font-weight: 400;\">When we observe, we change the event itself.<br \/>\n<\/span><span style=\"font-weight: 400;\">Objectivity doesn\u2019t exist.<br \/>\n<\/span><span style=\"font-weight: 400;\">We\u2019re here, we\u2019re there.<br \/>\n<\/span><span style=\"font-weight: 400;\">Because everything is relationship.<br \/>\n<\/span><span style=\"font-weight: 400;\">Everything shows itself when it is in relationship.<\/span><\/p>\n<p><span style=\"font-weight: 400;\">\u201cHello, little carp!<br \/>\n<\/span><span style=\"font-weight: 400;\">Your journey through transformation it\u2019s very hard.<br \/>\n<\/span><span style=\"font-weight: 400;\">Don\u2019t do it only once.<br \/>\n<\/span><span style=\"font-weight: 400;\">Continue always to transform yourself.<br \/>\n<\/span><span style=\"font-weight: 400;\">Nothing is right.<br \/>\n<\/span><span style=\"font-weight: 400;\">Nothing is wrong.<br \/>\n<\/span><span style=\"font-weight: 400;\">Everything is movement.\u201d<\/span><\/p>\n","protected":false},"excerpt":{"rendered":"<p>Schr\u00f6dinger&#8217;s Cat&#8217; is a famous paradox in quantum physics. The cat is in a closed box where a device can trigger the breaking of a cyanide vial.<\/p>\n","protected":false},"featured_media":667,"template":"","meta":{"_acf_changed":false,"inline_featured_image":false},"product_brand":[],"product_cat":[36,55],"product_tag":[39],"class_list":{"0":"post-1069","1":"product","2":"type-product","3":"status-publish","4":"has-post-thumbnail","6":"product_cat-manekistefy-en","7":"product_cat-original-arts","8":"product_tag-original-arts-en","10":"first","11":"instock","12":"shipping-taxable","13":"purchasable","14":"product-type-simple"},"acf":[],"yoast_head":"<!-- This site is optimized with the Yoast SEO plugin v25.0 - https:\/\/yoast.com\/wordpress\/plugins\/seo\/ -->\n<title>Schr\u00f6dinger Cat: The carp and the kitten - Adrenalink<\/title>\n<meta name=\"description\" content=\"Schr\u00f6dinger&#039;s Cat - The pictorial project of original works called &#039;Schr\u00f6dinger&#039;s Cat&#039; is the union of several Manekistefy affinities.\" \/>\n<meta name=\"robots\" content=\"index, follow, max-snippet:-1, max-image-preview:large, max-video-preview:-1\" \/>\n<link rel=\"canonical\" href=\"https:\/\/adrenalinktattoo.com\/en\/product\/the-carp-and-the-kitten\/\" \/>\n<meta property=\"og:locale\" content=\"en_US\" \/>\n<meta property=\"og:type\" content=\"article\" \/>\n<meta property=\"og:title\" content=\"Schr\u00f6dinger Cat: The carp and the kitten - Adrenalink\" \/>\n<meta property=\"og:description\" content=\"Schr\u00f6dinger&#039;s Cat - The pictorial project of original works called &#039;Schr\u00f6dinger&#039;s Cat&#039; is the union of several Manekistefy affinities.\" \/>\n<meta property=\"og:url\" content=\"https:\/\/adrenalinktattoo.com\/en\/product\/the-carp-and-the-kitten\/\" \/>\n<meta property=\"og:site_name\" content=\"Adrenalink\" \/>\n<meta property=\"article:modified_time\" content=\"2022-08-22T08:11:06+00:00\" \/>\n<meta property=\"og:image\" content=\"https:\/\/adrenalinktattoo.com\/wp-content\/uploads\/2022\/05\/01-La-carpa-e-la-gattina_wall-1.jpg\" \/>\n\t<meta property=\"og:image:width\" content=\"1800\" \/>\n\t<meta property=\"og:image:height\" content=\"1800\" \/>\n\t<meta property=\"og:image:type\" content=\"image\/jpeg\" \/>\n<meta name=\"twitter:card\" content=\"summary_large_image\" \/>\n<meta name=\"twitter:label1\" content=\"Est. reading time\" \/>\n\t<meta name=\"twitter:data1\" content=\"2 minutes\" \/>\n<script type=\"application\/ld+json\" class=\"yoast-schema-graph\">{\"@context\":\"https:\/\/schema.org\",\"@graph\":[{\"@type\":\"WebPage\",\"@id\":\"https:\/\/adrenalinktattoo.com\/en\/product\/the-carp-and-the-kitten\/\",\"url\":\"https:\/\/adrenalinktattoo.com\/en\/product\/the-carp-and-the-kitten\/\",\"name\":\"Schr\u00f6dinger Cat: The carp and the kitten - Adrenalink\",\"isPartOf\":{\"@id\":\"https:\/\/adrenalinktattoo.com\/en\/#website\"},\"primaryImageOfPage\":{\"@id\":\"https:\/\/adrenalinktattoo.com\/en\/product\/the-carp-and-the-kitten\/#primaryimage\"},\"image\":{\"@id\":\"https:\/\/adrenalinktattoo.com\/en\/product\/the-carp-and-the-kitten\/#primaryimage\"},\"thumbnailUrl\":\"https:\/\/adrenalinktattoo.com\/wp-content\/uploads\/2022\/05\/01-La-carpa-e-la-gattina_wall-1.jpg\",\"datePublished\":\"2022-08-22T08:09:29+00:00\",\"dateModified\":\"2022-08-22T08:11:06+00:00\",\"description\":\"Schr\u00f6dinger's Cat - The pictorial project of original works called 'Schr\u00f6dinger's Cat' is the union of several Manekistefy affinities.\",\"breadcrumb\":{\"@id\":\"https:\/\/adrenalinktattoo.com\/en\/product\/the-carp-and-the-kitten\/#breadcrumb\"},\"inLanguage\":\"en-US\",\"potentialAction\":[{\"@type\":\"ReadAction\",\"target\":[\"https:\/\/adrenalinktattoo.com\/en\/product\/the-carp-and-the-kitten\/\"]}]},{\"@type\":\"ImageObject\",\"inLanguage\":\"en-US\",\"@id\":\"https:\/\/adrenalinktattoo.com\/en\/product\/the-carp-and-the-kitten\/#primaryimage\",\"url\":\"https:\/\/adrenalinktattoo.com\/wp-content\/uploads\/2022\/05\/01-La-carpa-e-la-gattina_wall-1.jpg\",\"contentUrl\":\"https:\/\/adrenalinktattoo.com\/wp-content\/uploads\/2022\/05\/01-La-carpa-e-la-gattina_wall-1.jpg\",\"width\":1800,\"height\":1800,\"caption\":\"01-La-carpa-e-la-gattina_wall\"},{\"@type\":\"BreadcrumbList\",\"@id\":\"https:\/\/adrenalinktattoo.com\/en\/product\/the-carp-and-the-kitten\/#breadcrumb\",\"itemListElement\":[{\"@type\":\"ListItem\",\"position\":1,\"name\":\"Home\",\"item\":\"https:\/\/adrenalinktattoo.com\/en\/\"},{\"@type\":\"ListItem\",\"position\":2,\"name\":\"Shop\",\"item\":\"https:\/\/adrenalinktattoo.com\/en\/shop\/\"},{\"@type\":\"ListItem\",\"position\":3,\"name\":\"Schr\u00f6dinger Cat: The carp and the kitten\"}]},{\"@type\":\"WebSite\",\"@id\":\"https:\/\/adrenalinktattoo.com\/en\/#website\",\"url\":\"https:\/\/adrenalinktattoo.com\/en\/\",\"name\":\"Adrenalink\",\"description\":\"Tatuaggi giapponesi e tradizione\",\"potentialAction\":[{\"@type\":\"SearchAction\",\"target\":{\"@type\":\"EntryPoint\",\"urlTemplate\":\"https:\/\/adrenalinktattoo.com\/en\/?s={search_term_string}\"},\"query-input\":{\"@type\":\"PropertyValueSpecification\",\"valueRequired\":true,\"valueName\":\"search_term_string\"}}],\"inLanguage\":\"en-US\"}]}<\/script>\n<!-- \/ Yoast SEO plugin. -->","yoast_head_json":{"title":"Schr\u00f6dinger Cat: The carp and the kitten - Adrenalink","description":"Schr\u00f6dinger's Cat - The pictorial project of original works called 'Schr\u00f6dinger's Cat' is the union of several Manekistefy affinities.","robots":{"index":"index","follow":"follow","max-snippet":"max-snippet:-1","max-image-preview":"max-image-preview:large","max-video-preview":"max-video-preview:-1"},"canonical":"https:\/\/adrenalinktattoo.com\/en\/product\/the-carp-and-the-kitten\/","og_locale":"en_US","og_type":"article","og_title":"Schr\u00f6dinger Cat: The carp and the kitten - Adrenalink","og_description":"Schr\u00f6dinger's Cat - The pictorial project of original works called 'Schr\u00f6dinger's Cat' is the union of several Manekistefy affinities.","og_url":"https:\/\/adrenalinktattoo.com\/en\/product\/the-carp-and-the-kitten\/","og_site_name":"Adrenalink","article_modified_time":"2022-08-22T08:11:06+00:00","og_image":[{"width":1800,"height":1800,"url":"https:\/\/adrenalinktattoo.com\/wp-content\/uploads\/2022\/05\/01-La-carpa-e-la-gattina_wall-1.jpg","type":"image\/jpeg"}],"twitter_card":"summary_large_image","twitter_misc":{"Est. reading time":"2 minutes"},"schema":{"@context":"https:\/\/schema.org","@graph":[{"@type":"WebPage","@id":"https:\/\/adrenalinktattoo.com\/en\/product\/the-carp-and-the-kitten\/","url":"https:\/\/adrenalinktattoo.com\/en\/product\/the-carp-and-the-kitten\/","name":"Schr\u00f6dinger Cat: The carp and the kitten - Adrenalink","isPartOf":{"@id":"https:\/\/adrenalinktattoo.com\/en\/#website"},"primaryImageOfPage":{"@id":"https:\/\/adrenalinktattoo.com\/en\/product\/the-carp-and-the-kitten\/#primaryimage"},"image":{"@id":"https:\/\/adrenalinktattoo.com\/en\/product\/the-carp-and-the-kitten\/#primaryimage"},"thumbnailUrl":"https:\/\/adrenalinktattoo.com\/wp-content\/uploads\/2022\/05\/01-La-carpa-e-la-gattina_wall-1.jpg","datePublished":"2022-08-22T08:09:29+00:00","dateModified":"2022-08-22T08:11:06+00:00","description":"Schr\u00f6dinger's Cat - The pictorial project of original works called 'Schr\u00f6dinger's Cat' is the union of several Manekistefy affinities.","breadcrumb":{"@id":"https:\/\/adrenalinktattoo.com\/en\/product\/the-carp-and-the-kitten\/#breadcrumb"},"inLanguage":"en-US","potentialAction":[{"@type":"ReadAction","target":["https:\/\/adrenalinktattoo.com\/en\/product\/the-carp-and-the-kitten\/"]}]},{"@type":"ImageObject","inLanguage":"en-US","@id":"https:\/\/adrenalinktattoo.com\/en\/product\/the-carp-and-the-kitten\/#primaryimage","url":"https:\/\/adrenalinktattoo.com\/wp-content\/uploads\/2022\/05\/01-La-carpa-e-la-gattina_wall-1.jpg","contentUrl":"https:\/\/adrenalinktattoo.com\/wp-content\/uploads\/2022\/05\/01-La-carpa-e-la-gattina_wall-1.jpg","width":1800,"height":1800,"caption":"01-La-carpa-e-la-gattina_wall"},{"@type":"BreadcrumbList","@id":"https:\/\/adrenalinktattoo.com\/en\/product\/the-carp-and-the-kitten\/#breadcrumb","itemListElement":[{"@type":"ListItem","position":1,"name":"Home","item":"https:\/\/adrenalinktattoo.com\/en\/"},{"@type":"ListItem","position":2,"name":"Shop","item":"https:\/\/adrenalinktattoo.com\/en\/shop\/"},{"@type":"ListItem","position":3,"name":"Schr\u00f6dinger Cat: The carp and the kitten"}]},{"@type":"WebSite","@id":"https:\/\/adrenalinktattoo.com\/en\/#website","url":"https:\/\/adrenalinktattoo.com\/en\/","name":"Adrenalink","description":"Tatuaggi giapponesi e tradizione","potentialAction":[{"@type":"SearchAction","target":{"@type":"EntryPoint","urlTemplate":"https:\/\/adrenalinktattoo.com\/en\/?s={search_term_string}"},"query-input":{"@type":"PropertyValueSpecification","valueRequired":true,"valueName":"search_term_string"}}],"inLanguage":"en-US"}]}},"jetpack_sharing_enabled":true,"_links":{"self":[{"href":"https:\/\/adrenalinktattoo.com\/en\/wp-json\/wp\/v2\/product\/1069","targetHints":{"allow":["GET"]}}],"collection":[{"href":"https:\/\/adrenalinktattoo.com\/en\/wp-json\/wp\/v2\/product"}],"about":[{"href":"https:\/\/adrenalinktattoo.com\/en\/wp-json\/wp\/v2\/types\/product"}],"wp:featuredmedia":[{"embeddable":true,"href":"https:\/\/adrenalinktattoo.com\/en\/wp-json\/wp\/v2\/media\/667"}],"wp:attachment":[{"href":"https:\/\/adrenalinktattoo.com\/en\/wp-json\/wp\/v2\/media?parent=1069"}],"wp:term":[{"taxonomy":"product_brand","embeddable":true,"href":"https:\/\/adrenalinktattoo.com\/en\/wp-json\/wp\/v2\/product_brand?post=1069"},{"taxonomy":"product_cat","embeddable":true,"href":"https:\/\/adrenalinktattoo.com\/en\/wp-json\/wp\/v2\/product_cat?post=1069"},{"taxonomy":"product_tag","embeddable":true,"href":"https:\/\/adrenalinktattoo.com\/en\/wp-json\/wp\/v2\/product_tag?post=1069"}],"curies":[{"name":"wp","href":"https:\/\/api.w.org\/{rel}","templated":true}]}}